{"id":222,"date":"2020-09-09T10:24:48","date_gmt":"2020-09-09T08:24:48","guid":{"rendered":"https:\/\/www.college-of-music.at\/en\/bass\/"},"modified":"2022-01-21T13:58:19","modified_gmt":"2022-01-21T12:58:19","slug":"bass","status":"publish","type":"page","link":"https:\/\/www.college-of-music.at\/en\/bass\/","title":{"rendered":"Kontrabass"},"content":{"rendered":"<p>[et_pb_section fb_built=&#8221;1&#8243; admin_label=&#8221;header&#8221; _builder_version=&#8221;4.6.1&#8243; background_color_gradient_direction=&#8221;90deg&#8221; height=&#8221;50vh&#8221; custom_padding=&#8221;0|0px|54px|0px|false|false&#8221; top_divider_style=&#8221;arrow3&#8243; top_divider_color=&#8221;rgba(255,217,94,0.16)&#8221; top_divider_height=&#8221;500px&#8221; top_divider_repeat=&#8221;1.5x&#8221; da_disable_devices=&#8221;off|off|off&#8221; box_shadow_style=&#8221;preset7&#8243; box_shadow_vertical=&#8221;-250px&#8221; box_shadow_color=&#8221;#ffffff&#8221; global_colors_info=&#8221;{}&#8221; da_is_popup=&#8221;off&#8221; da_exit_intent=&#8221;off&#8221; da_has_close=&#8221;on&#8221; da_alt_close=&#8221;off&#8221; da_dark_close=&#8221;off&#8221; da_not_modal=&#8221;on&#8221; da_is_singular=&#8221;off&#8221; da_with_loader=&#8221;off&#8221; da_has_shadow=&#8221;on&#8221;][et_pb_row column_structure=&#8221;1_2,1_2&#8243; custom_padding_last_edited=&#8221;on|desktop&#8221; admin_label=&#8221;header Row&#8221; _builder_version=&#8221;3.25&#8243; background_size=&#8221;initial&#8221; background_position=&#8221;top_left&#8221; background_repeat=&#8221;repeat&#8221; width=&#8221;100%&#8221; max_width=&#8221;100%&#8221; custom_padding=&#8221;0|||10%|false|false&#8221; custom_padding_tablet=&#8221;|10%||10%||true&#8221; custom_padding_phone=&#8221;&#8221; use_custom_width=&#8221;on&#8221; width_unit=&#8221;off&#8221; custom_width_percent=&#8221;100%&#8221; global_colors_info=&#8221;{}&#8221;][et_pb_column type=&#8221;1_2&#8243; _builder_version=&#8221;3.25&#8243; custom_padding=&#8221;10%|||&#8221; global_colors_info=&#8221;{}&#8221; custom_padding__hover=&#8221;|||&#8221;][et_pb_text admin_label=&#8221;Subheading&#8221; _builder_version=&#8221;4.4.7&#8243; header_font=&#8221;Cormorant|||||on|||&#8221; header_text_color=&#8221;#184c9b&#8221; header_font_size=&#8221;5vw&#8221; header_2_font=&#8221;Cormorant Garamond|||on|||||&#8221; header_3_font=&#8221;Cormorant|500||||on|||&#8221; header_3_text_color=&#8221;#184c9b&#8221; header_4_font=&#8221;||||||||&#8221; header_5_font=&#8221;Open Sans|||on|||||&#8221; header_5_text_color=&#8221;#184c9b&#8221; header_5_font_size=&#8221;1vw&#8221; header_5_letter_spacing=&#8221;12px&#8221; header_5_line_height=&#8221;1.8em&#8221; max_width_tablet=&#8221;100%&#8221; max_width_phone=&#8221;100%&#8221; max_width_last_edited=&#8221;on|desktop&#8221; custom_margin=&#8221;|||&#8221; custom_padding_tablet=&#8221;85px|||0px|false|false&#8221; custom_padding_phone=&#8221;&#8221; custom_padding_last_edited=&#8221;on|phone&#8221; header_font_size_tablet=&#8221;10vw&#8221; header_font_size_phone=&#8221;14vw&#8221; header_font_size_last_edited=&#8221;on|phone&#8221; header_5_font_size_tablet=&#8221;2vw&#8221; header_5_font_size_phone=&#8221;3vw&#8221; header_5_font_size_last_edited=&#8221;on|desktop&#8221; global_colors_info=&#8221;{}&#8221;]<\/p>\n<h5>Unterrichtsfach<\/h5>\n<h1>Kontrabass<\/h1>\n<p>[\/et_pb_text][\/et_pb_column][et_pb_column type=&#8221;1_2&#8243; _builder_version=&#8221;3.25&#8243; use_background_color_gradient=&#8221;on&#8221; background_color_gradient_start=&#8221;rgba(255,255,255,0)&#8221; background_color_gradient_end=&#8221;#e6e4e1&#8243; background_color_gradient_end_position=&#8221;30%&#8221; custom_padding=&#8221;|||&#8221; global_colors_info=&#8221;{}&#8221; custom_padding__hover=&#8221;|||&#8221;][et_pb_image src=&#8221;https:\/\/www.college-of-music.at\/en\/\/wp-content\/uploads\/com_pics\/sites\/2\/2020\/09\/double-bass-1717438_1920.jpg&#8221; alt=&#8221;CoM&#8221; title_text=&#8221;double-bass-1717438_1920&#8243; align_tablet=&#8221;center&#8221; align_phone=&#8221;&#8221; align_last_edited=&#8221;on|desktop&#8221; _builder_version=&#8221;4.6.1&#8243; width=&#8221;100%&#8221; custom_margin=&#8221;||-10%|-10%&#8221; custom_padding=&#8221;20%|10%|||false&#8221; filter_opacity=&#8221;60%&#8221; animation_style=&#8221;slide&#8221; animation_direction=&#8221;bottom&#8221; animation_intensity_slide=&#8221;4%&#8221; box_shadow_style=&#8221;preset3&#8243; box_shadow_blur=&#8221;80px&#8221; box_shadow_color=&#8221;rgba(143,128,114,0.27)&#8221; global_colors_info=&#8221;{}&#8221;]&nbsp;<br \/>\n[\/et_pb_image][\/et_pb_column][\/et_pb_row][\/et_pb_section][et_pb_section fb_built=&#8221;1&#8243; admin_label=&#8221;What we do&#8221; _builder_version=&#8221;4.4.7&#8243; use_background_color_gradient=&#8221;on&#8221; background_color_gradient_start=&#8221;rgba(242,227,222,0.24)&#8221; background_color_gradient_end=&#8221;#ffffff&#8221; background_color_gradient_start_position=&#8221;75%&#8221; background_color_gradient_end_position=&#8221;74%&#8221; custom_padding=&#8221;100px|0px|100px|0px|true|false&#8221; da_disable_devices=&#8221;off|off|off&#8221; box_shadow_style=&#8221;preset7&#8243; box_shadow_horizontal=&#8221;0px&#8221; box_shadow_vertical=&#8221;210px&#8221; box_shadow_color=&#8221;#ffffff&#8221; locked=&#8221;off&#8221; global_colors_info=&#8221;{}&#8221; da_is_popup=&#8221;off&#8221; da_exit_intent=&#8221;off&#8221; da_has_close=&#8221;on&#8221; da_alt_close=&#8221;off&#8221; da_dark_close=&#8221;off&#8221; da_not_modal=&#8221;on&#8221; da_is_singular=&#8221;off&#8221; da_with_loader=&#8221;off&#8221; da_has_shadow=&#8221;on&#8221;][et_pb_row admin_label=&#8221;what we do Row&#8221; _builder_version=&#8221;4.6.1&#8243; global_colors_info=&#8221;{}&#8221;][et_pb_column type=&#8221;4_4&#8243; _builder_version=&#8221;4.6.1&#8243; custom_padding=&#8221;140px|||6%&#8221; custom_padding_tablet=&#8221;&#8221; custom_padding_phone=&#8221;90px||||false|false&#8221; custom_padding_last_edited=&#8221;on|phone&#8221; global_colors_info=&#8221;{}&#8221; custom_padding__hover=&#8221;|||&#8221;][et_pb_text _builder_version=&#8221;4.6.1&#8243; text_font_size=&#8221;16px&#8221; header_font=&#8221;|||||on|||&#8221; header_2_font=&#8221;Cormorant Garamond|||on|||||&#8221; header_3_font=&#8221;Cormorant|500||||on|||&#8221; header_3_text_color=&#8221;#184c9b&#8221; header_3_line_height=&#8221;1em&#8221; header_4_font=&#8221;||||||||&#8221; header_5_font=&#8221;Open Sans|600||on|||||&#8221; header_5_text_color=&#8221;#184c9b&#8221; header_5_letter_spacing=&#8221;6px&#8221; header_5_line_height=&#8221;1.8em&#8221; width=&#8221;100%&#8221; module_alignment=&#8221;left&#8221; custom_margin=&#8221;|||&#8221; custom_margin_tablet=&#8221;40px||||false|false&#8221; custom_margin_phone=&#8221;&#8221; custom_margin_last_edited=&#8221;on|phone&#8221; header_3_font_size_tablet=&#8221;&#8221; header_3_font_size_phone=&#8221;8vw&#8221; header_3_font_size_last_edited=&#8221;on|phone&#8221; global_colors_info=&#8221;{}&#8221;]<\/p>\n<h5>warmer und voller Klang<\/h5>\n<h3><span>Das tiefste und gr\u00f6sste Streichinstrument<\/span><\/h3>\n<p>In keinem Ensemble darf der Kontrabass fehlen. Sein tiefer warmer Klang gibt einem Ensemble den einen vollen Klang, ohne den die h\u00f6heren Instrumente nicht entsprechend zur Geltung kommen k\u00f6nnen. Aber auch als Solo Instrument erfreut sich der Kontrabass zunehmender Beliebtheit.<\/p>\n<p>Das College of Music bietet Ihnen die seltene M\u00f6glichkeit, Teil einer motivierten Kontrabass-Klasse zu werden &#8211; Unser Kontrabassist freut sich auf Ihre Anmeldung.<\/p>\n<p>[\/et_pb_text][\/et_pb_column][\/et_pb_row][et_pb_row column_structure=&#8221;1_3,1_3,1_3&#8243; _builder_version=&#8221;4.4.7&#8243; global_colors_info=&#8221;{}&#8221;][et_pb_column type=&#8221;1_3&#8243; _builder_version=&#8221;4.4.7&#8243; global_colors_info=&#8221;{}&#8221;][et_pb_blurb title=&#8221;Lehrer&#8221; image=&#8221;https:\/\/www.college-of-music.at\/en\/\/wp-content\/uploads\/com_pics\/sites\/2\/2022\/01\/ME.jpg&#8221; alt=&#8221;CoM&#8221; disabled_on=&#8221;off|off|off&#8221; _builder_version=&#8221;4.14.7&#8243; header_level=&#8221;h2&#8243; header_font=&#8221;Cormorant|||||on|||&#8221; header_text_color=&#8221;#184c9b&#8221; header_font_size=&#8221;2vw&#8221; custom_padding=&#8221;10px|10px|10px|10px|true|true&#8221; scroll_scaling_enable=&#8221;on&#8221; header_font_size_tablet=&#8221;30px&#8221; header_font_size_phone=&#8221;26px&#8221; header_font_size_last_edited=&#8221;on|desktop&#8221; box_shadow_style=&#8221;preset2&#8243; disabled=&#8221;on&#8221; locked=&#8221;off&#8221; global_colors_info=&#8221;{}&#8221; transform_styles__hover_enabled=&#8221;on|hover&#8221; image_icon_background_color=&#8221;RGBA(255,255,255,0)&#8221; background_color=&#8221;#ffffff&#8221; image_icon_custom_padding=&#8221;0px|0px|0px|0px|false|false&#8221; transform_scale__hover=&#8221;105%|105%&#8221; transform_scale__hover_enabled=&#8221;on|hover&#8221; transform_translate__hover_enabled=&#8221;on|desktop&#8221; transform_rotate__hover_enabled=&#8221;on|desktop&#8221; transform_skew__hover_enabled=&#8221;on|desktop&#8221; transform_origin__hover_enabled=&#8221;on|desktop&#8221; header_text_align=&#8221;center&#8221; text_orientation=&#8221;center&#8221; title_text=&#8221;ME&#8221; hover_enabled=&#8221;0&#8243; sticky_enabled=&#8221;0&#8243;]<\/p>\n<p>Markus Ess, BA MA MA<\/p>\n<p>[\/et_pb_blurb][\/et_pb_column][et_pb_column type=&#8221;1_3&#8243; _builder_version=&#8221;4.4.7&#8243; global_colors_info=&#8221;{}&#8221;][\/et_pb_column][et_pb_column type=&#8221;1_3&#8243; _builder_version=&#8221;4.4.7&#8243; global_colors_info=&#8221;{}&#8221;][\/et_pb_column][\/et_pb_row][\/et_pb_section][et_pb_section fb_built=&#8221;1&#8243; admin_label=&#8221;Anmelden&#8221; _builder_version=&#8221;4.6.1&#8243; use_background_color_gradient=&#8221;on&#8221; background_color_gradient_start=&#8221;rgba(255,255,255,0)&#8221; background_color_gradient_end=&#8221;#ffffff&#8221; background_color_gradient_direction=&#8221;90deg&#8221; background_color_gradient_end_position=&#8221;39%&#8221; background_color_gradient_overlays_image=&#8221;on&#8221; background_image=&#8221;https:\/\/www.college-of-music.at\/en\/\/wp-content\/uploads\/com_pics\/sites\/2\/2020\/09\/music-mail.jpg&#8221; custom_padding=&#8221;0px|0px|0px|0px|true|false&#8221; da_disable_devices=&#8221;off|off|off&#8221; saved_tabs=&#8221;all&#8221; locked=&#8221;off&#8221; global_colors_info=&#8221;{}&#8221; da_is_popup=&#8221;off&#8221; da_exit_intent=&#8221;off&#8221; da_has_close=&#8221;on&#8221; da_alt_close=&#8221;off&#8221; da_dark_close=&#8221;off&#8221; da_not_modal=&#8221;on&#8221; da_is_singular=&#8221;off&#8221; da_with_loader=&#8221;off&#8221; da_has_shadow=&#8221;on&#8221;][et_pb_row column_structure=&#8221;1_4,1_2,1_4&#8243; use_custom_gutter=&#8221;on&#8221; admin_label=&#8221;Subscribe Row&#8221; module_class=&#8221; et_pb_row_fullwidth&#8221; _builder_version=&#8221;4.6.1&#8243; width=&#8221;89%&#8221; width_tablet=&#8221;80%&#8221; width_phone=&#8221;&#8221; width_last_edited=&#8221;on|desktop&#8221; max_width=&#8221;89%&#8221; max_width_tablet=&#8221;80%&#8221; max_width_phone=&#8221;&#8221; max_width_last_edited=&#8221;on|desktop&#8221; animation_style=&#8221;fade&#8221; make_fullwidth=&#8221;on&#8221; global_colors_info=&#8221;{}&#8221;][et_pb_column type=&#8221;1_4&#8243; _builder_version=&#8221;3.25&#8243; custom_padding=&#8221;|||&#8221; global_colors_info=&#8221;{}&#8221; custom_padding__hover=&#8221;|||&#8221;][\/et_pb_column][et_pb_column type=&#8221;1_2&#8243; _builder_version=&#8221;3.25&#8243; custom_padding=&#8221;|||&#8221; global_colors_info=&#8221;{}&#8221; custom_padding__hover=&#8221;|||&#8221;][et_pb_text _builder_version=&#8221;4.4.8&#8243; text_font_size=&#8221;16px&#8221; header_font=&#8221;|||||on|||&#8221; header_2_font=&#8221;Cormorant Garamond|||on|||||&#8221; header_3_font=&#8221;Cormorant|500||||on|||&#8221; header_3_text_color=&#8221;#184c9b&#8221; header_4_font=&#8221;||||||||&#8221; header_5_font=&#8221;Open Sans|600||on|||||&#8221; header_5_text_color=&#8221;#184c9b&#8221; header_5_letter_spacing=&#8221;6px&#8221; header_5_line_height=&#8221;1.8em&#8221; max_width_tablet=&#8221;100%&#8221; max_width_phone=&#8221;100%&#8221; max_width_last_edited=&#8221;on|desktop&#8221; custom_margin=&#8221;||28px|||&#8221; header_3_font_size_tablet=&#8221;&#8221; header_3_font_size_phone=&#8221;10vw&#8221; header_3_font_size_last_edited=&#8221;on|phone&#8221; locked=&#8221;off&#8221; global_colors_info=&#8221;{}&#8221;]<\/p>\n<h3 style=\"text-align: center;\">Zum Schnuppertermin anmelden<\/h3>\n<p style=\"text-align: center;\">Melden Sie sich bei Interesse gleich hier mittels des Kontaktformulars zum Schnuppern an.<\/p>\n<p style=\"text-align: center;\">Wir freuen uns, Sie bald im College of Music Austria begr\u00fc\u00dfen zu du\u0308rfen.<\/p>\n<p>[\/et_pb_text][et_pb_contact_form email=&#8221;office@college-of-music.at&#8221; custom_message=&#8221;Nachricht von COM-AUT||et_pb_line_break_holder||||et_pb_line_break_holder||__________________________________________________||et_pb_line_break_holder||Absender: %%Name%%||et_pb_line_break_holder||E-mail: %%Email%%||et_pb_line_break_holder||Tel.: %%Telefon%%||et_pb_line_break_holder||__________________________________________________||et_pb_line_break_holder||||et_pb_line_break_holder||Nachricht:||et_pb_line_break_holder||%%Message%%&#8221; success_message=&#8221;Vielen Dank. Ihre Nachricht wurde an office@college-of-music.at \u00fcbermittelt.&#8221; submit_button_text=&#8221;Senden&#8221; module_id=&#8221;et_pb_contact_form_0&#8243; _builder_version=&#8221;4.13.1&#8243; _unique_id=&#8221;d6e00cfb-ed9e-4426-bd0d-61e3c1e69721&#8243; form_field_font=&#8221;Open Sans||||||||&#8221; form_field_line_height=&#8221;1.2em&#8221; custom_button=&#8221;on&#8221; button_text_size=&#8221;14px&#8221; button_text_color=&#8221;#595353&#8243; button_border_width=&#8221;3px&#8221; button_border_color=&#8221;#c4beb9&#8243; button_border_radius=&#8221;0px&#8221; button_letter_spacing=&#8221;4px&#8221; button_font=&#8221;Open Sans|500||on|||||&#8221; box_shadow_style=&#8221;preset2&#8243; locked=&#8221;off&#8221; global_colors_info=&#8221;{}&#8221; button_text_color__hover_enabled=&#8221;on|hover&#8221; button_text_color__hover=&#8221;#ffffff&#8221; button_bg_color__hover_enabled=&#8221;on|hover&#8221; button_bg_color__hover=&#8221;#c4beb9&#8243; button_bg_enable_color__hover=&#8221;on&#8221;][et_pb_contact_field field_id=&#8221;Name&#8221; field_title=&#8221;Name&#8221; fullwidth_field=&#8221;on&#8221; _builder_version=&#8221;4.4.7&#8243; global_colors_info=&#8221;{}&#8221; button_text_size__hover_enabled=&#8221;off&#8221; button_one_text_size__hover_enabled=&#8221;off&#8221; button_two_text_size__hover_enabled=&#8221;off&#8221; button_text_color__hover_enabled=&#8221;off&#8221; button_one_text_color__hover_enabled=&#8221;off&#8221; button_two_text_color__hover_enabled=&#8221;off&#8221; button_border_width__hover_enabled=&#8221;off&#8221; button_one_border_width__hover_enabled=&#8221;off&#8221; button_two_border_width__hover_enabled=&#8221;off&#8221; button_border_color__hover_enabled=&#8221;off&#8221; button_one_border_color__hover_enabled=&#8221;off&#8221; button_two_border_color__hover_enabled=&#8221;off&#8221; button_border_radius__hover_enabled=&#8221;off&#8221; button_one_border_radius__hover_enabled=&#8221;off&#8221; button_two_border_radius__hover_enabled=&#8221;off&#8221; button_letter_spacing__hover_enabled=&#8221;off&#8221; button_one_letter_spacing__hover_enabled=&#8221;off&#8221; button_two_letter_spacing__hover_enabled=&#8221;off&#8221; button_bg_color__hover_enabled=&#8221;off&#8221; button_one_bg_color__hover_enabled=&#8221;off&#8221; button_two_bg_color__hover_enabled=&#8221;off&#8221;][\/et_pb_contact_field][et_pb_contact_field field_id=&#8221;Email&#8221; field_title=&#8221;E-Mail-Adresse&#8221; field_type=&#8221;email&#8221; _builder_version=&#8221;3.16&#8243; global_colors_info=&#8221;{}&#8221; button_text_size__hover_enabled=&#8221;off&#8221; button_one_text_size__hover_enabled=&#8221;off&#8221; button_two_text_size__hover_enabled=&#8221;off&#8221; button_text_color__hover_enabled=&#8221;off&#8221; button_one_text_color__hover_enabled=&#8221;off&#8221; button_two_text_color__hover_enabled=&#8221;off&#8221; button_border_width__hover_enabled=&#8221;off&#8221; button_one_border_width__hover_enabled=&#8221;off&#8221; button_two_border_width__hover_enabled=&#8221;off&#8221; button_border_color__hover_enabled=&#8221;off&#8221; button_one_border_color__hover_enabled=&#8221;off&#8221; button_two_border_color__hover_enabled=&#8221;off&#8221; button_border_radius__hover_enabled=&#8221;off&#8221; button_one_border_radius__hover_enabled=&#8221;off&#8221; button_two_border_radius__hover_enabled=&#8221;off&#8221; button_letter_spacing__hover_enabled=&#8221;off&#8221; button_one_letter_spacing__hover_enabled=&#8221;off&#8221; button_two_letter_spacing__hover_enabled=&#8221;off&#8221; button_bg_color__hover_enabled=&#8221;off&#8221; button_one_bg_color__hover_enabled=&#8221;off&#8221; button_two_bg_color__hover_enabled=&#8221;off&#8221;][\/et_pb_contact_field][et_pb_contact_field field_id=&#8221;Telefon&#8221; field_title=&#8221;Telefon&#8221; _builder_version=&#8221;4.4.7&#8243; width=&#8221;50%&#8221; max_width=&#8221;50%&#8221; global_colors_info=&#8221;{}&#8221;][\/et_pb_contact_field][et_pb_contact_field field_id=&#8221;Message&#8221; field_title=&#8221;Nachricht&#8221; field_type=&#8221;text&#8221; fullwidth_field=&#8221;on&#8221; _builder_version=&#8221;3.16&#8243; global_colors_info=&#8221;{}&#8221; button_text_size__hover_enabled=&#8221;off&#8221; button_one_text_size__hover_enabled=&#8221;off&#8221; button_two_text_size__hover_enabled=&#8221;off&#8221; button_text_color__hover_enabled=&#8221;off&#8221; button_one_text_color__hover_enabled=&#8221;off&#8221; button_two_text_color__hover_enabled=&#8221;off&#8221; button_border_width__hover_enabled=&#8221;off&#8221; button_one_border_width__hover_enabled=&#8221;off&#8221; button_two_border_width__hover_enabled=&#8221;off&#8221; button_border_color__hover_enabled=&#8221;off&#8221; button_one_border_color__hover_enabled=&#8221;off&#8221; button_two_border_color__hover_enabled=&#8221;off&#8221; button_border_radius__hover_enabled=&#8221;off&#8221; button_one_border_radius__hover_enabled=&#8221;off&#8221; button_two_border_radius__hover_enabled=&#8221;off&#8221; button_letter_spacing__hover_enabled=&#8221;off&#8221; button_one_letter_spacing__hover_enabled=&#8221;off&#8221; button_two_letter_spacing__hover_enabled=&#8221;off&#8221; button_bg_color__hover_enabled=&#8221;off&#8221; button_one_bg_color__hover_enabled=&#8221;off&#8221; button_two_bg_color__hover_enabled=&#8221;off&#8221;][\/et_pb_contact_field][et_pb_contact_field field_id=&#8221;Field_5&#8243; field_title=&#8221; &#8221; field_type=&#8221;checkbox&#8221; checkbox_options=&#8221;%91{%22value%22:%22Mit Absenden dieses Formulars erkl\u00e4re ich ausdr\u00fccklich, dass meine eingegebenen Daten f\u00fcr weitere Kommunikation mit mir gespeichert werden d\u00fcrfen.%22,%22checked%22:0,%22dragID%22:-1}%93&#8243; _builder_version=&#8221;4.6.1&#8243; _module_preset=&#8221;default&#8221; form_field_background_color=&#8221;rgba(254,209,48,0.46)&#8221; form_field_font=&#8221;Open Sans||on||||||&#8221; form_field_font_size=&#8221;12px&#8221; form_field_text_shadow_style=&#8221;preset1&#8243; global_colors_info=&#8221;{}&#8221;][\/et_pb_contact_field][\/et_pb_contact_form][\/et_pb_column][et_pb_column type=&#8221;1_4&#8243; _builder_version=&#8221;3.25&#8243; custom_padding=&#8221;|||&#8221; global_colors_info=&#8221;{}&#8221; custom_padding__hover=&#8221;|||&#8221;][\/et_pb_column][\/et_pb_row][\/et_pb_section]<\/p>\n","protected":false},"excerpt":{"rendered":"<p>Unterrichtsfach Kontrabass&nbsp; warmer und voller Klang Das tiefste und gr\u00f6sste Streichinstrument In keinem Ensemble darf der Kontrabass fehlen. Sein tiefer warmer Klang gibt einem Ensemble den einen vollen Klang, ohne den die h\u00f6heren Instrumente nicht entsprechend zur Geltung kommen k\u00f6nnen. Aber auch als Solo Instrument erfreut sich der Kontrabass zunehmender Beliebtheit. Das College of Music [&hellip;]<\/p>\n","protected":false},"author":1,"featured_media":0,"parent":0,"menu_order":0,"comment_status":"closed","ping_status":"closed","template":"","meta":{"_et_pb_use_builder":"on","_et_pb_old_content":"","_et_gb_content_width":"","footnotes":""},"yoast_head":"<!-- This site is optimized with the Yoast SEO plugin v22.8 - https:\/\/yoast.com\/wordpress\/plugins\/seo\/ -->\n<title>Kontrabass - College of Music<\/title>\n<meta name=\"robots\" content=\"index, follow, max-snippet:-1, max-image-preview:large, max-video-preview:-1\" \/>\n<link rel=\"canonical\" href=\"https:\/\/www.college-of-music.at\/en\/bass\/\" \/>\n<meta property=\"og:locale\" content=\"en_US\" \/>\n<meta property=\"og:type\" content=\"article\" \/>\n<meta property=\"og:title\" content=\"Kontrabass - College of Music\" \/>\n<meta property=\"og:description\" content=\"Unterrichtsfach Kontrabass&nbsp; warmer und voller Klang Das tiefste und gr\u00f6sste Streichinstrument In keinem Ensemble darf der Kontrabass fehlen. Sein tiefer warmer Klang gibt einem Ensemble den einen vollen Klang, ohne den die h\u00f6heren Instrumente nicht entsprechend zur Geltung kommen k\u00f6nnen. Aber auch als Solo Instrument erfreut sich der Kontrabass zunehmender Beliebtheit. Das College of Music [&hellip;]\" \/>\n<meta property=\"og:url\" content=\"https:\/\/www.college-of-music.at\/en\/bass\/\" \/>\n<meta property=\"og:site_name\" content=\"College of Music\" \/>\n<meta property=\"article:modified_time\" content=\"2022-01-21T12:58:19+00:00\" \/>\n<meta name=\"twitter:card\" content=\"summary_large_image\" \/>\n<meta name=\"twitter:label1\" content=\"Est. reading time\" \/>\n\t<meta name=\"twitter:data1\" content=\"10 minutes\" \/>\n<script type=\"application\/ld+json\" class=\"yoast-schema-graph\">{\"@context\":\"https:\/\/schema.org\",\"@graph\":[{\"@type\":\"WebPage\",\"@id\":\"https:\/\/www.college-of-music.at\/en\/bass\/\",\"url\":\"https:\/\/www.college-of-music.at\/en\/bass\/\",\"name\":\"Kontrabass - College of Music\",\"isPartOf\":{\"@id\":\"https:\/\/www.college-of-music.at\/en\/#website\"},\"datePublished\":\"2020-09-09T08:24:48+00:00\",\"dateModified\":\"2022-01-21T12:58:19+00:00\",\"breadcrumb\":{\"@id\":\"https:\/\/www.college-of-music.at\/en\/bass\/#breadcrumb\"},\"inLanguage\":\"en-US\",\"potentialAction\":[{\"@type\":\"ReadAction\",\"target\":[\"https:\/\/www.college-of-music.at\/en\/bass\/\"]}]},{\"@type\":\"BreadcrumbList\",\"@id\":\"https:\/\/www.college-of-music.at\/en\/bass\/#breadcrumb\",\"itemListElement\":[{\"@type\":\"ListItem\",\"position\":1,\"name\":\"Startseite\",\"item\":\"https:\/\/www.college-of-music.at\/en\/\"},{\"@type\":\"ListItem\",\"position\":2,\"name\":\"Kontrabass\"}]},{\"@type\":\"WebSite\",\"@id\":\"https:\/\/www.college-of-music.at\/en\/#website\",\"url\":\"https:\/\/www.college-of-music.at\/en\/\",\"name\":\"College of Music\",\"description\":\"Austria\",\"potentialAction\":[{\"@type\":\"SearchAction\",\"target\":{\"@type\":\"EntryPoint\",\"urlTemplate\":\"https:\/\/www.college-of-music.at\/en\/?s={search_term_string}\"},\"query-input\":\"required name=search_term_string\"}],\"inLanguage\":\"en-US\"}]}<\/script>\n<!-- \/ Yoast SEO plugin. -->","yoast_head_json":{"title":"Kontrabass - College of Music","robots":{"index":"index","follow":"follow","max-snippet":"max-snippet:-1","max-image-preview":"max-image-preview:large","max-video-preview":"max-video-preview:-1"},"canonical":"https:\/\/www.college-of-music.at\/en\/bass\/","og_locale":"en_US","og_type":"article","og_title":"Kontrabass - College of Music","og_description":"Unterrichtsfach Kontrabass&nbsp; warmer und voller Klang Das tiefste und gr\u00f6sste Streichinstrument In keinem Ensemble darf der Kontrabass fehlen. Sein tiefer warmer Klang gibt einem Ensemble den einen vollen Klang, ohne den die h\u00f6heren Instrumente nicht entsprechend zur Geltung kommen k\u00f6nnen. Aber auch als Solo Instrument erfreut sich der Kontrabass zunehmender Beliebtheit. Das College of Music [&hellip;]","og_url":"https:\/\/www.college-of-music.at\/en\/bass\/","og_site_name":"College of Music","article_modified_time":"2022-01-21T12:58:19+00:00","twitter_card":"summary_large_image","twitter_misc":{"Est. reading time":"10 minutes"},"schema":{"@context":"https:\/\/schema.org","@graph":[{"@type":"WebPage","@id":"https:\/\/www.college-of-music.at\/en\/bass\/","url":"https:\/\/www.college-of-music.at\/en\/bass\/","name":"Kontrabass - College of Music","isPartOf":{"@id":"https:\/\/www.college-of-music.at\/en\/#website"},"datePublished":"2020-09-09T08:24:48+00:00","dateModified":"2022-01-21T12:58:19+00:00","breadcrumb":{"@id":"https:\/\/www.college-of-music.at\/en\/bass\/#breadcrumb"},"inLanguage":"en-US","potentialAction":[{"@type":"ReadAction","target":["https:\/\/www.college-of-music.at\/en\/bass\/"]}]},{"@type":"BreadcrumbList","@id":"https:\/\/www.college-of-music.at\/en\/bass\/#breadcrumb","itemListElement":[{"@type":"ListItem","position":1,"name":"Startseite","item":"https:\/\/www.college-of-music.at\/en\/"},{"@type":"ListItem","position":2,"name":"Kontrabass"}]},{"@type":"WebSite","@id":"https:\/\/www.college-of-music.at\/en\/#website","url":"https:\/\/www.college-of-music.at\/en\/","name":"College of Music","description":"Austria","potentialAction":[{"@type":"SearchAction","target":{"@type":"EntryPoint","urlTemplate":"https:\/\/www.college-of-music.at\/en\/?s={search_term_string}"},"query-input":"required name=search_term_string"}],"inLanguage":"en-US"}]}},"_links":{"self":[{"href":"https:\/\/www.college-of-music.at\/en\/wp-json\/wp\/v2\/pages\/222"}],"collection":[{"href":"https:\/\/www.college-of-music.at\/en\/wp-json\/wp\/v2\/pages"}],"about":[{"href":"https:\/\/www.college-of-music.at\/en\/wp-json\/wp\/v2\/types\/page"}],"author":[{"embeddable":true,"href":"https:\/\/www.college-of-music.at\/en\/wp-json\/wp\/v2\/users\/1"}],"replies":[{"embeddable":true,"href":"https:\/\/www.college-of-music.at\/en\/wp-json\/wp\/v2\/comments?post=222"}],"version-history":[{"count":1,"href":"https:\/\/www.college-of-music.at\/en\/wp-json\/wp\/v2\/pages\/222\/revisions"}],"predecessor-version":[{"id":339,"href":"https:\/\/www.college-of-music.at\/en\/wp-json\/wp\/v2\/pages\/222\/revisions\/339"}],"wp:attachment":[{"href":"https:\/\/www.college-of-music.at\/en\/wp-json\/wp\/v2\/media?parent=222"}],"curies":[{"name":"wp","href":"https:\/\/api.w.org\/{rel}","templated":true}]}}